{"id":2227,"date":"2025-04-13T09:12:44","date_gmt":"2025-04-13T09:12:44","guid":{"rendered":"https:\/\/karinvoit.com\/?post_type=product&#038;p=2227"},"modified":"2025-09-28T11:03:36","modified_gmt":"2025-09-28T11:03:36","slug":"olakott-asal-69-lukuga","status":"publish","type":"product","link":"https:\/\/karinvoit.com\/en\/product\/olakott-asal-69-lukuga\/","title":{"rendered":"Shoulder bag ASAL #20 with zipper"},"content":{"rendered":"<p>M\u00f5nusa suurusega lukuga ja sisetaskuta \u00f5lakott, et v\u00f5tta kaasa telefon v\u00f5i m\u00f5ned v\u00e4iksemad olulised esemed. \u00d5lakotti saab reguleerida pikemaks v\u00f5i l\u00fchemaks ja kanda \u00fcle \u00f5la v\u00f5i v\u00f6\u00f6kotina. Koti sulgemiseks on \u00fclaosas veekindel lukk. V\u00f5imalikud erinevad v\u00e4rvilahendused.<\/p>\n<p>CHANGING THE COLOR OF THE PRODUCT: You can change the color of the product when ordering <strong>At the checkout<\/strong> adding <strong>Additional information<\/strong> box text: Product name and desired color number (you can find the color numbers <strong>from Product images).<\/strong> NB! If a yellow circle is added to the color in the picture, the product of that color will be ready for posting in a maximum of 2 weeks. Chrome leathers without a yellow circle need to be ordered first and the product will be ready in a maximum of 4 weeks).<\/p>","protected":false},"excerpt":{"rendered":"<p>Kroomnahast kott m\u00f5\u00f5tudega 15x17cm, veekindla lukuga kinnitus, sisetaskuteta ja reguleeritav \u00f5lapael. Kroomnaha p\u00e4ritolumaa: Itaalia; Materjali paksus: 1.2\/1.4; V\u00e4rv: suvekollane (#20); Tekstuur: reljeefne; Tehnikad: masin\u00f5mblused.<\/p>\n<p>&nbsp;<\/p>","protected":false},"featured_media":2235,"template":"","meta":{"_et_pb_use_builder":"off","_et_pb_old_content":"Kroomnahast kott m\u00f5\u00f5tudega 10x18cm, nuppuga kinnitus, avatav karabiin ning reguleeritav kaelapael.","_et_gb_content_width":""},"product_brand":[],"product_cat":[34],"product_tag":[],"class_list":{"0":"post-2227","1":"product","2":"type-product","3":"status-publish","4":"has-post-thumbnail","6":"product_cat-olakott","8":"first","9":"onbackorder","10":"taxable","11":"shipping-taxable","12":"purchasable","13":"product-type-simple"},"_links":{"self":[{"href":"https:\/\/karinvoit.com\/en\/wp-json\/wp\/v2\/product\/2227","targetHints":{"allow":["GET"]}}],"collection":[{"href":"https:\/\/karinvoit.com\/en\/wp-json\/wp\/v2\/product"}],"about":[{"href":"https:\/\/karinvoit.com\/en\/wp-json\/wp\/v2\/types\/product"}],"wp:featuredmedia":[{"embeddable":true,"href":"https:\/\/karinvoit.com\/en\/wp-json\/wp\/v2\/media\/2235"}],"wp:attachment":[{"href":"https:\/\/karinvoit.com\/en\/wp-json\/wp\/v2\/media?parent=2227"}],"wp:term":[{"taxonomy":"product_brand","embeddable":true,"href":"https:\/\/karinvoit.com\/en\/wp-json\/wp\/v2\/product_brand?post=2227"},{"taxonomy":"product_cat","embeddable":true,"href":"https:\/\/karinvoit.com\/en\/wp-json\/wp\/v2\/product_cat?post=2227"},{"taxonomy":"product_tag","embeddable":true,"href":"https:\/\/karinvoit.com\/en\/wp-json\/wp\/v2\/product_tag?post=2227"}],"curies":[{"name":"wp","href":"https:\/\/api.w.org\/{rel}","templated":true}]}}