{"id":974,"date":"2023-04-11T07:21:06","date_gmt":"2023-04-11T07:21:06","guid":{"rendered":"https:\/\/karinvoit.com\/?page_id=974"},"modified":"2025-09-28T15:14:47","modified_gmt":"2025-09-28T15:14:47","slug":"e-pood","status":"publish","type":"page","link":"https:\/\/karinvoit.com\/en\/e-pood\/","title":{"rendered":"Shop"},"content":{"rendered":"<p>[et_pb_section fb_built=&#8221;1&#8243; admin_label=&#8221;Header&#8221; _builder_version=&#8221;4.21.0&#8243; _module_preset=&#8221;default&#8221; background_color=&#8221;#131218&#8243; module_alignment=&#8221;center&#8221; custom_padding=&#8221;||0px||false|false&#8221; collapsed=&#8221;on&#8221; global_colors_info=&#8221;{}&#8221;][et_pb_row _builder_version=&#8221;4.17.6&#8243; _module_preset=&#8221;default&#8221; custom_margin=&#8221;-30px|auto||auto||&#8221; global_colors_info=&#8221;{}&#8221;][et_pb_column type=&#8221;4_4&#8243; _builder_version=&#8221;4.17.6&#8243; _module_preset=&#8221;default&#8221; global_colors_info=&#8221;{}&#8221;][et_pb_text _builder_version=&#8221;4.21.0&#8243; _module_preset=&#8221;c16985e1-e0d6-4022-964d-e2bfc04fa633&#8243; text_font=&#8221;Poppins||||||||&#8221; header_font=&#8221;Poppins||||||||&#8221; header_text_align=&#8221;left&#8221; header_text_color=&#8221;#FFFFFF&#8221; header_font_size=&#8221;110px&#8221; header_line_height=&#8221;1.2em&#8221; header_4_font=&#8221;Poppins||||||||&#8221; custom_margin=&#8221;7px||||false|false&#8221; header_text_align_tablet=&#8221;left&#8221; header_text_align_phone=&#8221;center&#8221; header_text_align_last_edited=&#8221;on|phone&#8221; header_font_size_tablet=&#8221;40px&#8221; header_font_size_phone=&#8221;27px&#8221; header_font_size_last_edited=&#8221;on|desktop&#8221; text_orientation_tablet=&#8221;left&#8221; text_orientation_phone=&#8221;left&#8221; text_orientation_last_edited=&#8221;off|desktop&#8221; global_colors_info=&#8221;{}&#8221;]<\/p>\n<h1>E-Pood<\/h1>\n<p>[\/et_pb_text][\/et_pb_column][\/et_pb_row][\/et_pb_section][et_pb_section fb_built=&#8221;1&#8243; specialty=&#8221;on&#8221; padding_bottom_1=&#8221;30px&#8221; padding_bottom_2=&#8221;0px&#8221; padding_top_bottom_link_1=&#8221;false&#8221; padding_top_bottom_link_2=&#8221;false&#8221; padding_left_right_link_1=&#8221;false&#8221; padding_left_right_link_2=&#8221;false&#8221; admin_label=&#8221;Categories&#8221; _builder_version=&#8221;4.21.0&#8243; _module_preset=&#8221;default&#8221; background_color=&#8221;#131218&#8243; inner_width=&#8221;100%&#8221; min_height=&#8221;590.9px&#8221; overflow-x=&#8221;hidden&#8221; overflow-y=&#8221;hidden&#8221; custom_padding=&#8221;0px||0px||true|false&#8221; global_colors_info=&#8221;{}&#8221;][et_pb_column type=&#8221;1_4&#8243; _builder_version=&#8221;4.16&#8243; custom_padding=&#8221;|||&#8221; global_colors_info=&#8221;{}&#8221; custom_padding__hover=&#8221;|||&#8221;][et_pb_image src=&#8221;https:\/\/karinvoit.com\/wp-content\/uploads\/2023\/04\/E-pood-800-\u00d7-800-px.png&#8221; title_text=&#8221;E-pood (800 \u00d7 800 px)&#8221; _builder_version=&#8221;4.22.0&#8243; _module_preset=&#8221;default&#8221; max_width_tablet=&#8221;400px&#8221; max_width_phone=&#8221;400px&#8221; max_width_last_edited=&#8221;on|tablet&#8221; custom_margin_tablet=&#8221;0%||||false|false&#8221; custom_margin_phone=&#8221;0%||||false|false&#8221; custom_margin_last_edited=&#8221;off|desktop&#8221; locked=&#8221;off&#8221; global_colors_info=&#8221;{}&#8221;][\/et_pb_image][et_pb_text _builder_version=&#8221;4.23.1&#8243; _module_preset=&#8221;4827deed-2a92-4d97-a22f-f01067ae6873&#8243; text_font=&#8221;Poppins||||||||&#8221; header_font=&#8221;||||||||&#8221; header_4_font=&#8221;Poppins||||||||&#8221; header_4_text_color=&#8221;#FFFFFF&#8221; header_4_font_size=&#8221;20px&#8221; header_4_line_height=&#8221;1.4em&#8221; custom_margin=&#8221;|25px|10px|25px|false|true&#8221; link_option_url=&#8221;https:\/\/karinvoit.com\/toode\/mobiilikott\/&#8221; header_4_font_size_tablet=&#8221;16px&#8221; header_4_font_size_phone=&#8221;15px&#8221; header_4_font_size_last_edited=&#8221;on|desktop&#8221; locked=&#8221;off&#8221; global_colors_info=&#8221;{}&#8221;]<\/p>\n<h5><span style=\"color: #ffffff;\">Mobiilikotid<\/span><\/h5>\n<p>[\/et_pb_text][et_pb_text _builder_version=&#8221;4.23.1&#8243; _module_preset=&#8221;4827deed-2a92-4d97-a22f-f01067ae6873&#8243; text_font=&#8221;Poppins||||||||&#8221; header_font=&#8221;||||||||&#8221; header_4_font=&#8221;Poppins||||||||&#8221; header_4_text_color=&#8221;#FFFFFF&#8221; header_4_font_size=&#8221;20px&#8221; header_4_line_height=&#8221;1.4em&#8221; custom_margin=&#8221;|25px|10px|25px|false|true&#8221; link_option_url=&#8221;https:\/\/karinvoit.com\/toode\/olakott\/&#8221; header_4_font_size_tablet=&#8221;16px&#8221; header_4_font_size_phone=&#8221;15px&#8221; header_4_font_size_last_edited=&#8221;on|desktop&#8221; locked=&#8221;off&#8221; global_colors_info=&#8221;{}&#8221;]<\/p>\n<h5><span style=\"color: #ffffff;\">\u00d5lakotid<\/span><\/h5>\n<p>[\/et_pb_text][et_pb_text _builder_version=&#8221;4.23.1&#8243; _module_preset=&#8221;4827deed-2a92-4d97-a22f-f01067ae6873&#8243; text_font=&#8221;Poppins|500|||||||&#8221; text_text_color=&#8221;#FFFFFF&#8221; header_font=&#8221;||||||||&#8221; header_4_font=&#8221;Poppins||||||||&#8221; header_4_text_color=&#8221;#FFFFFF&#8221; header_4_font_size=&#8221;20px&#8221; header_4_line_height=&#8221;1.4em&#8221; custom_margin=&#8221;|25px|10px|25px|false|true&#8221; link_option_url=&#8221;https:\/\/karinvoit.com\/toode\/vookott&#8221; header_4_font_size_tablet=&#8221;16px&#8221; header_4_font_size_phone=&#8221;15px&#8221; header_4_font_size_last_edited=&#8221;on|desktop&#8221; locked=&#8221;off&#8221; global_colors_info=&#8221;{}&#8221;]<\/p>\n<h5><span style=\"color: #ffffff;\">V\u00f6\u00f6kotid<\/span><\/h5>\n<p>[\/et_pb_text][et_pb_text _builder_version=&#8221;4.23.1&#8243; _module_preset=&#8221;4827deed-2a92-4d97-a22f-f01067ae6873&#8243; text_font=&#8221;Poppins||||||||&#8221; header_font=&#8221;Poppins||||||||&#8221; header_4_font=&#8221;Poppins||||||||&#8221; header_4_text_color=&#8221;#FFFFFF&#8221; header_4_font_size=&#8221;20px&#8221; header_4_line_height=&#8221;1.4em&#8221; custom_margin=&#8221;|25px|10px|25px|false|true&#8221; header_4_font_size_tablet=&#8221;16px&#8221; header_4_font_size_phone=&#8221;15px&#8221; header_4_font_size_last_edited=&#8221;on|desktop&#8221; locked=&#8221;off&#8221; global_colors_info=&#8221;{}&#8221;]<\/p>\n<h5><span style=\"color: #ffffff;\">Seljakotid<\/span><\/h5>\n<p>[\/et_pb_text][et_pb_text _builder_version=&#8221;4.23.1&#8243; _module_preset=&#8221;4827deed-2a92-4d97-a22f-f01067ae6873&#8243; text_font=&#8221;Poppins|500|||||||&#8221; text_text_color=&#8221;#FFFFFF&#8221; header_font=&#8221;||||||||&#8221; header_4_font=&#8221;Poppins||||||||&#8221; header_4_text_color=&#8221;#FFFFFF&#8221; header_4_font_size=&#8221;20px&#8221; header_4_line_height=&#8221;1.4em&#8221; custom_margin=&#8221;|25px|10px|25px|false|true&#8221; link_option_url=&#8221;https:\/\/karinvoit.com\/toode\/tote&#8221; header_4_font_size_tablet=&#8221;16px&#8221; header_4_font_size_phone=&#8221;15px&#8221; header_4_font_size_last_edited=&#8221;on|desktop&#8221; locked=&#8221;off&#8221; global_colors_info=&#8221;{}&#8221;]<\/p>\n<h5><span style=\"color: #ffffff;\"><em>Tote-Bag<\/em>id<\/span><\/h5>\n<p>[\/et_pb_text][et_pb_text _builder_version=&#8221;4.27.4&#8243; _module_preset=&#8221;4827deed-2a92-4d97-a22f-f01067ae6873&#8243; text_font=&#8221;Poppins|500|||||||&#8221; text_text_color=&#8221;#FFFFFF&#8221; header_font=&#8221;||||||||&#8221; header_4_font=&#8221;Poppins||||||||&#8221; header_4_text_color=&#8221;#FFFFFF&#8221; header_4_font_size=&#8221;20px&#8221; header_4_line_height=&#8221;1.4em&#8221; custom_margin=&#8221;|25px|10px|25px|false|true&#8221; link_option_url=&#8221;https:\/\/karinvoit.com\/toode\/tote&#8221; header_4_font_size_tablet=&#8221;16px&#8221; header_4_font_size_phone=&#8221;15px&#8221; header_4_font_size_last_edited=&#8221;on|desktop&#8221; locked=&#8221;off&#8221; global_colors_info=&#8221;{}&#8221;]<\/p>\n<h5><span style=\"color: #ffffff;\"><em>AINULT SULLE!!!<\/em><\/span><\/h5>\n<p>[\/et_pb_text][\/et_pb_column][et_pb_column type=&#8221;3_4&#8243; specialty_columns=&#8221;3&#8243; _builder_version=&#8221;4.16&#8243; custom_padding=&#8221;|||&#8221; global_colors_info=&#8221;{}&#8221; custom_padding__hover=&#8221;|||&#8221;][et_pb_row_inner column_structure=&#8221;1_2,1_2&#8243; use_custom_gutter=&#8221;on&#8221; gutter_width=&#8221;1&#8243; make_equal=&#8221;on&#8221; _builder_version=&#8221;4.21.0&#8243; _module_preset=&#8221;default&#8221; z_index=&#8221;10&#8243; min_height=&#8221;749px&#8221; custom_margin=&#8221;||-129px|||&#8221; custom_padding=&#8221;28px||28px||true|false&#8221; global_colors_info=&#8221;{}&#8221;][et_pb_column_inner type=&#8221;1_2&#8243; saved_specialty_column_type=&#8221;3_4&#8243; _builder_version=&#8221;4.18.0&#8243; _module_preset=&#8221;default&#8221; global_colors_info=&#8221;{}&#8221;][et_pb_image src=&#8221;https:\/\/karinvoit.com\/wp-content\/uploads\/2025\/09\/IMG_2629.jpeg&#8221; title_text=&#8221;IMG_2629&#8243; _builder_version=&#8221;4.27.4&#8243; _module_preset=&#8221;default&#8221; global_colors_info=&#8221;{}&#8221;][\/et_pb_image][\/et_pb_column_inner][et_pb_column_inner type=&#8221;1_2&#8243; saved_specialty_column_type=&#8221;3_4&#8243; _builder_version=&#8221;4.20.4&#8243; _module_preset=&#8221;default&#8221; background_color=&#8221;#FFFFFF&#8221; transform_scale_last_edited=&#8221;off|desktop&#8221; transform_translate_tablet=&#8221;0%|0px&#8221; transform_translate_phone=&#8221;0%|0px&#8221; transform_translate_last_edited=&#8221;off|desktop&#8221; transform_rotate_last_edited=&#8221;off|desktop&#8221; transform_skew_last_edited=&#8221;off|desktop&#8221; transform_origin_last_edited=&#8221;off|desktop&#8221; transform_styles_last_edited=&#8221;off|desktop&#8221; custom_padding=&#8221;79px|0px|79px|60px|true|false&#8221; custom_padding_tablet=&#8221;30px||30px|30px|true|false&#8221; custom_padding_phone=&#8221;20px||20px|20px|true|false&#8221; custom_padding_last_edited=&#8221;on|phone&#8221; box_shadow_style=&#8221;preset4&#8243; box_shadow_horizontal=&#8221;10vw&#8221; box_shadow_vertical=&#8221;0px&#8221; box_shadow_color=&#8221;#FFFFFF&#8221; global_colors_info=&#8221;{}&#8221;][et_pb_text _builder_version=&#8221;4.27.4&#8243; _module_preset=&#8221;1f09816e-184e-4ce5-a4cf-b39c52c423ca&#8221; text_font=&#8221;Poppins||||||||&#8221; text_text_color=&#8221;#565559&#8243; text_font_size=&#8221;16px&#8221; text_line_height=&#8221;1.8em&#8221; link_text_color=&#8221;#A58855&#8243; min_height=&#8221;408.9px&#8221; custom_margin=&#8221;-35px||30px||false|false&#8221; custom_padding=&#8221;32px|||||&#8221; hover_enabled=&#8221;0&#8243; text_font_size_tablet=&#8221;15px&#8221; text_font_size_phone=&#8221;14px&#8221; text_font_size_last_edited=&#8221;on|phone&#8221; header_font_size_tablet=&#8221;55px&#8221; header_font_size_last_edited=&#8221;off|desktop&#8221; inline_fonts=&#8221;Cagliostro,Bree Serif,Abril Fatface,Diplomata,Vampiro One,Concert One,Almendra,Crimson Pro,Cabin&#8221; global_colors_info=&#8221;{}&#8221; sticky_enabled=&#8221;0&#8243;]<\/p>\n<p><span style=\"font-family: inherit; font-weight: normal;\">Tere tulemast E-poodi!<\/span><\/p>\n<p><span style=\"font-family: inherit; font-weight: normal; font-size: medium;\">Karin Voit Designs ehtsast nahast disainkotid ja aksessuaarid.<\/span><\/p>\n<h1><span style=\"font-family: 'Crimson Pro'; font-weight: normal; color: #0c71c3;\"><strong><i><span style=\"font-size: 18pt;\">UUS!!! K\u00e4ekott ITA &#8211; kott on pealt kinnitusega, kahe v\u00e4listaskuga, eemaldatava lukuga sisekotiga ja reguleeritava \u00f5larihmaga. T\u00e4psem info <a href=\"https:\/\/karinvoit.com\/toode\/olakott-ita-49\/\" target=\"_blank\" rel=\"noopener\"><span style=\"text-decoration: underline;\">siin<\/span><\/a> ja allpool&#8230;<\/span><\/i><\/strong><\/span><\/h1>\n<p><span style=\"font-family: 'Crimson Pro'; font-weight: normal;\"><strong><i><span style=\"font-size: 18pt; color: #251f26;\"><\/span><\/i><\/strong><\/span><\/p>\n<p>Valmistame ka eritellimusel k\u00e4ekotte &#8211; t\u00e4psemaks tellimiseks leiad info allpool.<\/p>\n<p>R\u00f5\u00f5msat uudistamist ja ostlemist!<\/p>\n<p>[\/et_pb_text][\/et_pb_column_inner][\/et_pb_row_inner][et_pb_row_inner column_structure=&#8221;1_2,1_2&#8243; use_custom_gutter=&#8221;on&#8221; gutter_width=&#8221;1&#8243; _builder_version=&#8221;4.18.0&#8243; _module_preset=&#8221;default&#8221; positioning=&#8221;absolute&#8221; position_origin_a=&#8221;bottom_right&#8221; width=&#8221;100%&#8221; custom_padding=&#8221;0px||0px||false|false&#8221; global_colors_info=&#8221;{}&#8221;][et_pb_column_inner type=&#8221;1_2&#8243; saved_specialty_column_type=&#8221;3_4&#8243; _builder_version=&#8221;4.17.6&#8243; _module_preset=&#8221;default&#8221; global_colors_info=&#8221;{}&#8221;][\/et_pb_column_inner][et_pb_column_inner type=&#8221;1_2&#8243; saved_specialty_column_type=&#8221;3_4&#8243; _builder_version=&#8221;4.17.6&#8243; _module_preset=&#8221;default&#8221; global_colors_info=&#8221;{}&#8221;][et_pb_image title_text=&#8221;E-pood tasku (800 \u00d7 650 px) (1)&#8221; force_fullwidth=&#8221;on&#8221; _builder_version=&#8221;4.21.0&#8243; _module_preset=&#8221;default&#8221; custom_margin=&#8221;|-10vw|||false|false&#8221; box_shadow_style=&#8221;preset4&#8243; box_shadow_horizontal=&#8221;0px&#8221; box_shadow_vertical=&#8221;24vw&#8221; box_shadow_blur=&#8221;10vw&#8221; box_shadow_color=&#8221;rgba(0,0,0,0.8)&#8221; box_shadow_position=&#8221;inner&#8221; global_colors_info=&#8221;{}&#8221;][\/et_pb_image][\/et_pb_column_inner][\/et_pb_row_inner][\/et_pb_column][\/et_pb_section][et_pb_section fb_built=&#8221;1&#8243; admin_label=&#8221;Products&#8221; _builder_version=&#8221;4.17.6&#8243; _module_preset=&#8221;default&#8221; min_height=&#8221;1101.7px&#8221; custom_margin=&#8221;-53px|||||&#8221; custom_padding=&#8221;2px|||||&#8221; collapsed=&#8221;on&#8221; global_colors_info=&#8221;{}&#8221;][et_pb_row _builder_version=&#8221;4.21.0&#8243; _module_preset=&#8221;default&#8221; min_height=&#8221;970.2px&#8221; custom_margin=&#8221;12px|auto|5px|auto|false|false&#8221; custom_padding=&#8221;1px|1px|1px|1px|false|false&#8221; global_colors_info=&#8221;{}&#8221;][et_pb_column type=&#8221;4_4&#8243; _builder_version=&#8221;4.17.6&#8243; _module_preset=&#8221;default&#8221; global_colors_info=&#8221;{}&#8221;][et_pb_shop type=&#8221;product_category&#8221; posts_number=&#8221;9&#8243; show_pagination=&#8221;on&#8221; include_categories=&#8221;33&#8243; columns_number=&#8221;3&#8243; icon_hover_color=&#8221;#D9B882&#8243; _builder_version=&#8221;4.18.0&#8243; _module_preset=&#8221;55c170ef-cb25-4c79-bacd-04c93b25c23b&#8221; title_font=&#8221;Alike||||||||&#8221; title_text_color=&#8221;#000000&#8243; title_font_size=&#8221;20px&#8221; title_line_height=&#8221;1.4em&#8221; price_font=&#8221;Inter||||||||&#8221; price_text_color=&#8221;#565559&#8243; price_font_size=&#8221;16px&#8221; text_orientation=&#8221;left&#8221; min_height=&#8221;1363.9px&#8221; custom_padding=&#8221;92px|||||&#8221; title_font_size_tablet=&#8221;16px&#8221; title_font_size_phone=&#8221;15px&#8221; title_font_size_last_edited=&#8221;on|desktop&#8221; price_font_size_tablet=&#8221;15px&#8221; price_font_size_phone=&#8221;14px&#8221; price_font_size_last_edited=&#8221;on|desktop&#8221; locked=&#8221;off&#8221; global_colors_info=&#8221;{}&#8221;][\/et_pb_shop][\/et_pb_column][\/et_pb_row][\/et_pb_section][et_pb_section fb_built=&#8221;1&#8243; admin_label=&#8221;Feature&#8221; _builder_version=&#8221;4.19.4&#8243; _module_preset=&#8221;default&#8221; background_color=&#8221;#131218&#8243; custom_padding=&#8221;||0px||false|false&#8221; link_option_url=&#8221;Eritellimus&#8221; collapsed=&#8221;on&#8221; global_colors_info=&#8221;{}&#8221;][et_pb_row _builder_version=&#8221;4.17.6&#8243; _module_preset=&#8221;default&#8221; global_colors_info=&#8221;{}&#8221;][et_pb_column type=&#8221;4_4&#8243; _builder_version=&#8221;4.17.6&#8243; _module_preset=&#8221;default&#8221; global_colors_info=&#8221;{}&#8221;][et_pb_text _builder_version=&#8221;4.19.4&#8243; _module_preset=&#8221;b327cbe4-b1d5-4b66-ad37-40c8f2f061ba&#8221; header_2_font=&#8221;Poppins||||||||&#8221; header_2_text_color=&#8221;#FFFFFF&#8221; header_2_font_size=&#8221;60px&#8221; header_2_line_height=&#8221;1.2em&#8221; text_orientation=&#8221;center&#8221; header_2_font_size_tablet=&#8221;32px&#8221; header_2_font_size_phone=&#8221;20px&#8221; header_2_font_size_last_edited=&#8221;on|desktop&#8221; text_orientation_tablet=&#8221;left&#8221; text_orientation_phone=&#8221;left&#8221; text_orientation_last_edited=&#8221;on|tablet&#8221; global_colors_info=&#8221;{}&#8221;]<\/p>\n<h2>Eritellimus<\/h2>\n<p>[\/et_pb_text][\/et_pb_column][\/et_pb_row][et_pb_row column_structure=&#8221;1_3,1_3,1_3&#8243; use_custom_gutter=&#8221;on&#8221; gutter_width=&#8221;1&#8243; make_equal=&#8221;on&#8221; _builder_version=&#8221;4.19.4&#8243; _module_preset=&#8221;default&#8221; custom_padding=&#8221;||0px||false|false&#8221; global_colors_info=&#8221;{}&#8221;][et_pb_column type=&#8221;1_3&#8243; _builder_version=&#8221;4.17.6&#8243; _module_preset=&#8221;default&#8221; custom_padding=&#8221;60px|60px|60px||true|false&#8221; custom_padding_tablet=&#8221;0px|0px|30px||false|false&#8221; custom_padding_phone=&#8221;0px|0px|30px||false|false&#8221; custom_padding_last_edited=&#8221;on|desktop&#8221; global_colors_info=&#8221;{}&#8221;][et_pb_text _builder_version=&#8221;4.21.0&#8243; _module_preset=&#8221;aaa7c440-590a-4078-ae0c-0f3c699ac51c&#8221; header_font=&#8221;||||||||&#8221; header_text_color=&#8221;#E09900&#8243; header_3_font=&#8221;Poppins||||||||&#8221; header_3_text_color=&#8221;#D9B882&#8243; header_3_font_size=&#8221;28px&#8221; header_3_line_height=&#8221;1.4em&#8221; custom_margin=&#8221;||10px||false|false&#8221; header_3_font_size_tablet=&#8221;20px&#8221; header_3_font_size_phone=&#8221;16px&#8221; header_3_font_size_last_edited=&#8221;on|phone&#8221; global_colors_info=&#8221;{}&#8221;]<\/p>\n<h3><span style=\"color: #b7602d;\">Selleks on tore &#8230;<\/span><\/h3>\n<p>[\/et_pb_text][et_pb_text _builder_version=&#8221;4.21.0&#8243; _module_preset=&#8221;4c43b4b6-66bf-432d-959a-705bda24a650&#8243; text_font=&#8221;Inter||||||||&#8221; text_text_color=&#8221;rgba(255,255,255,0.7)&#8221; text_line_height=&#8221;1.8em&#8221; link_text_color=&#8221;#A58855&#8243; custom_margin=&#8221;||30px||false|false&#8221; custom_padding=&#8221;7px|||||&#8221; header_font_size_tablet=&#8221;55px&#8221; header_font_size_last_edited=&#8221;off|desktop&#8221; global_colors_info=&#8221;{}&#8221;]<\/p>\n<p>Eritellimuseks on tore, <span style=\"color: #993300;\">kui tellijal on kindel visiooni uuest kotist\u00a0<\/span>&#8211; n\u00e4iteks pilt ja uue koti m\u00f5\u00f5tmed&#8230; Kui aga pole visiooni ega pilti, loe edasi, \u00e4kki saad m\u00f5ne hea m\u00f5tte!<\/p>\n<p>Tellimuse k\u00e4igus r\u00e4\u00e4gime l\u00e4bi k\u00e4ekotile sobiva ehtsa naha tekstuuri ja v\u00e4rvi, k\u00e4ekoti suuruse, funktsionaalsuse, k\u00f5ik detailid ja parimad kogemused, mis peavad olema \u00fchel toredal tuleviku k\u00e4ekotil, mis j\u00e4rgib kandja isikup\u00e4ra ja on vastupidav kaaslane aastateks.<\/p>\n<p>[\/et_pb_text][et_pb_image src=&#8221;https:\/\/karinvoit.com\/wp-content\/uploads\/2023\/04\/E-pood-eritellimus-hall-800-\u00d7-550-px.png&#8221; title_text=&#8221;E-pood eritellimus hall (800 \u00d7 550 px)&#8221; show_bottom_space=&#8221;off&#8221; _builder_version=&#8221;4.21.0&#8243; _module_preset=&#8221;default&#8221; background_color=&#8221;#E09900&#8243; use_background_color_gradient=&#8221;on&#8221; global_colors_info=&#8221;{}&#8221;][\/et_pb_image][\/et_pb_column][et_pb_column type=&#8221;1_3&#8243; _builder_version=&#8221;4.19.4&#8243; _module_preset=&#8221;default&#8221; background_color=&#8221;#D6D6D6&#8243; background_image=&#8221;https:\/\/karinvoit.com\/wp-content\/uploads\/2023\/04\/Eritellimuse-seljakott.png&#8221; global_colors_info=&#8221;{}&#8221;][et_pb_divider show_divider=&#8221;off&#8221; _builder_version=&#8221;4.17.6&#8243; _module_preset=&#8221;default&#8221; height_tablet=&#8221;40vw&#8221; height_phone=&#8221;40vw&#8221; height_last_edited=&#8221;on|phone&#8221; global_colors_info=&#8221;{}&#8221;][\/et_pb_divider][\/et_pb_column][et_pb_column type=&#8221;1_3&#8243; _builder_version=&#8221;4.19.4&#8243; _module_preset=&#8221;default&#8221; background_color=&#8221;#844915&#8243; custom_padding=&#8221;60px|40px|60px|40px|true|true&#8221; custom_padding_tablet=&#8221;30px||30px||true|true&#8221; custom_padding_phone=&#8221;20px|20px|20px|20px|true|true&#8221; custom_padding_last_edited=&#8221;on|tablet&#8221; global_colors_info=&#8221;{}&#8221;][et_pb_text _builder_version=&#8221;4.21.0&#8243; _module_preset=&#8221;4c43b4b6-66bf-432d-959a-705bda24a650&#8243; text_font=&#8221;Inter||||||||&#8221; text_text_color=&#8221;#FFFFFF&#8221; text_line_height=&#8221;1.8em&#8221; link_text_color=&#8221;#A58855&#8243; custom_margin=&#8221;||30px||false|false&#8221; header_font_size_tablet=&#8221;55px&#8221; header_font_size_last_edited=&#8221;off|desktop&#8221; global_colors_info=&#8221;{}&#8221;]<\/p>\n<p>Kui on soov saada omale uus k\u00e4ekott, aga pole visiooni ega pilti, siis m\u00f5elda:<\/p>\n<p>* Kuhu Sa vajad uut k\u00e4ekotti? <em>T\u00f6\u00f6le, puhkusele, peole jne.\u00a0<\/em><\/p>\n<p>* Mis peab kindlasti mahtuma k\u00e4ekotti? <em>Rahakott, l\u00e4ptop, telefon, huulepulk v\u00f5i meigikott jne.\u00a0<\/em><\/p>\n<p>* Mis detailid on Sulle olulised &#8211; kas taskud, \u00f5larihma pikkus v\u00f5i laius, kinnitused v\u00f5i hoopis miski muu?<\/p>\n<p>* Kui m\u00f5tled oma juba kulunud, kuid ikka veel armsale lemmik k\u00e4ekotile, mida Sa nautisid tema juures k\u00f5ige rohkem? Mida toredat tegite koos?\u00a0<\/p>\n<p>Sinu uus, kogemuste v\u00f5rra mugavam, r\u00f5\u00f5mu ning rahulolu pakkuv lemmik k\u00e4ekott on juba k\u00e4ega katsutav!<\/p>\n<p>[\/et_pb_text][et_pb_button button_url=&#8221;https:\/\/karinvoit.com\/kontakt\/&#8221; button_text=&#8221;ALUSTA SIIT&#8221; _builder_version=&#8221;4.19.4&#8243; _module_preset=&#8221;f489fdc3-bf1e-40c7-852b-c42851d4acb9&#8243; custom_button=&#8221;on&#8221; button_text_size=&#8221;14px&#8221; button_text_color=&#8221;#000000&#8243; button_bg_color=&#8221;#FFFFFF&#8221; button_border_width=&#8221;0px&#8221; button_border_radius=&#8221;0px&#8221; button_font=&#8221;Inter|700||on|||||&#8221; custom_padding=&#8221;16px|24px|16px|24px|true|true&#8221; global_colors_info=&#8221;{}&#8221;][\/et_pb_button][\/et_pb_column][\/et_pb_row][\/et_pb_section]<\/p>\n","protected":false},"excerpt":{"rendered":"<p>E-PoodMobiilikotid\u00d5lakotidV\u00f6\u00f6kotidSeljakotidTote-BagidAINULT SULLE!!!Tere tulemast E-poodi! Karin Voit Designs ehtsast nahast disainkotid ja aksessuaarid. UUS!!! K\u00e4ekott ITA &#8211; kott on pealt kinnitusega, kahe v\u00e4listaskuga, eemaldatava lukuga sisekotiga ja reguleeritava \u00f5larihmaga. T\u00e4psem info siin ja allpool&#8230; Valmistame ka eritellimusel k\u00e4ekotte &#8211; t\u00e4psemaks tellimiseks leiad info allpool. R\u00f5\u00f5msat uudistamist ja ostlemist!EritellimusSelleks on tore &#8230;Eritellimuseks on tore, kui tellijal on [&hellip;]<\/p>\n","protected":false},"author":1,"featured_media":0,"parent":0,"menu_order":0,"comment_status":"closed","ping_status":"closed","template":"","meta":{"_et_pb_use_builder":"on","_et_pb_old_content":"","_et_gb_content_width":"","footnotes":""},"class_list":["post-974","page","type-page","status-publish","hentry"],"_links":{"self":[{"href":"https:\/\/karinvoit.com\/en\/wp-json\/wp\/v2\/pages\/974","targetHints":{"allow":["GET"]}}],"collection":[{"href":"https:\/\/karinvoit.com\/en\/wp-json\/wp\/v2\/pages"}],"about":[{"href":"https:\/\/karinvoit.com\/en\/wp-json\/wp\/v2\/types\/page"}],"author":[{"embeddable":true,"href":"https:\/\/karinvoit.com\/en\/wp-json\/wp\/v2\/users\/1"}],"replies":[{"embeddable":true,"href":"https:\/\/karinvoit.com\/en\/wp-json\/wp\/v2\/comments?post=974"}],"version-history":[{"count":5,"href":"https:\/\/karinvoit.com\/en\/wp-json\/wp\/v2\/pages\/974\/revisions"}],"predecessor-version":[{"id":2366,"href":"https:\/\/karinvoit.com\/en\/wp-json\/wp\/v2\/pages\/974\/revisions\/2366"}],"wp:attachment":[{"href":"https:\/\/karinvoit.com\/en\/wp-json\/wp\/v2\/media?parent=974"}],"curies":[{"name":"wp","href":"https:\/\/api.w.org\/{rel}","templated":true}]}}