{"id":58,"date":"2022-09-20T09:31:41","date_gmt":"2022-09-20T09:31:41","guid":{"rendered":"https:\/\/karinvoit.com\/?page_id=58"},"modified":"2025-04-13T08:20:59","modified_gmt":"2025-04-13T08:20:59","slug":"landing-page","status":"publish","type":"page","link":"https:\/\/karinvoit.com\/en\/","title":{"rendered":"Landing Page"},"content":{"rendered":"<p>[et_pb_section fb_built=&#8221;1&#8243; admin_label=&#8221;Header&#8221; _builder_version=&#8221;4.20.4&#8243; _module_preset=&#8221;default&#8221; use_background_color_gradient=&#8221;on&#8221; background_color_gradient_direction=&#8221;110deg&#8221; background_color_gradient_stops=&#8221;rgba(28,13,1,0.48) 55%|#1c0d01 100%&#8221; background_color_gradient_overlays_image=&#8221;on&#8221; background_image=&#8221;https:\/\/karinvoit.com\/wp-content\/uploads\/2023\/04\/Avaleht-3-kotti-2000x1250px-1.png&#8221; custom_padding=&#8221;5vw||0px||false|false&#8221; global_colors_info=&#8221;{}&#8221;][et_pb_row _builder_version=&#8221;4.21.0&#8243; _module_preset=&#8221;default&#8221; custom_margin=&#8221;0px|auto||auto|false|false&#8221; custom_padding=&#8221;||0px||false|false&#8221; global_colors_info=&#8221;{}&#8221;][et_pb_column type=&#8221;4_4&#8243; _builder_version=&#8221;4.21.0&#8243; _module_preset=&#8221;default&#8221; custom_padding=&#8221;20px||||false|false&#8221; global_colors_info=&#8221;{}&#8221;][et_pb_text admin_label=&#8221;Avalehel br\u00e4ndi nimi&#8221; _builder_version=&#8221;4.21.0&#8243; _module_preset=&#8221;c16985e1-e0d6-4022-964d-e2bfc04fa633&#8243; header_font=&#8221;Poppins||||||||&#8221; header_text_color=&#8221;#FFFFFF&#8221; header_font_size=&#8221;110px&#8221; header_line_height=&#8221;1.2em&#8221; custom_margin=&#8221;||||false|false&#8221; custom_padding=&#8221;10px||||false|false&#8221; header_font_size_tablet=&#8221;40px&#8221; header_font_size_phone=&#8221;33px&#8221; header_font_size_last_edited=&#8221;on|desktop&#8221; inline_fonts=&#8221;Poppins&#8221; global_colors_info=&#8221;{}&#8221;]<\/p>\n<h1><span style=\"font-family: Poppins;\">Karin Voit Designs<\/span><\/h1>\n<p>[\/et_pb_text][\/et_pb_column][\/et_pb_row][et_pb_row column_structure=&#8221;1_2,1_2&#8243; _builder_version=&#8221;4.21.0&#8243; _module_preset=&#8221;default&#8221; custom_margin=&#8221;||||false|false&#8221; custom_padding=&#8221;|0px|0px||false|false&#8221; global_colors_info=&#8221;{}&#8221;][et_pb_column type=&#8221;1_2&#8243; _builder_version=&#8221;4.17.6&#8243; _module_preset=&#8221;default&#8221; global_colors_info=&#8221;{}&#8221;][\/et_pb_column][et_pb_column type=&#8221;1_2&#8243; _builder_version=&#8221;4.17.6&#8243; _module_preset=&#8221;default&#8221; global_colors_info=&#8221;{}&#8221;][et_pb_text admin_label=&#8221;Avalehe p\u00e4ise tekst&#8221; _builder_version=&#8221;4.21.0&#8243; _module_preset=&#8221;default&#8221; text_font=&#8221;Poppins||||||||&#8221; text_text_color=&#8221;#DFB758&#8243; text_font_size=&#8221;13px&#8221; text_line_height=&#8221;1.8em&#8221; custom_margin=&#8221;-10px|||-13px|false|false&#8221; custom_padding=&#8221;|||0px||&#8221; global_colors_info=&#8221;{}&#8221;]<\/p>\n<h4><span style=\"color: #ffffff;\"> K\u00e4sit\u00f6\u00f6 disainkott on r\u00f5\u00f5mu ja rahulolu s\u00fcmboliks<\/span><\/h4>\n<p>[\/et_pb_text][\/et_pb_column][\/et_pb_row][\/et_pb_section][et_pb_section fb_built=&#8221;1&#8243; inner_shadow=&#8221;on&#8221; admin_label=&#8221;About&#8221; _builder_version=&#8221;4.21.0&#8243; _module_preset=&#8221;default&#8221; background_color=&#8221;RGBA(255,255,255,0)&#8221; background_image=&#8221;https:\/\/karinvoit.com\/wp-content\/uploads\/2023\/04\/KVD-logo-200x1250px-2.png&#8221; width=&#8221;100%&#8221; max_width=&#8221;100%&#8221; min_height=&#8221;1030px&#8221; min_height_tablet=&#8221;1030px&#8221; min_height_phone=&#8221;1421px&#8221; min_height_last_edited=&#8221;on|phone&#8221; height=&#8221;1005px&#8221; height_tablet=&#8221;1005px&#8221; height_phone=&#8221;1005px&#8221; height_last_edited=&#8221;on|desktop&#8221; max_height=&#8221;1009px&#8221; custom_margin=&#8221;||||false&#8221; custom_padding=&#8221;2px||2px||true|false&#8221; global_colors_info=&#8221;{}&#8221;][et_pb_row column_structure=&#8221;1_2,1_2&#8243; use_custom_gutter=&#8221;on&#8221; gutter_width=&#8221;1&#8243; custom_padding_last_edited=&#8221;on|tablet&#8221; _builder_version=&#8221;4.21.0&#8243; _module_preset=&#8221;default&#8221; custom_margin=&#8221;-4px|auto||auto|false|false&#8221; custom_padding=&#8221;0px||0px||false|false&#8221; custom_padding_tablet=&#8221;0px||10%||false|false&#8221; custom_padding_phone=&#8221;0px||0%||false|false&#8221; global_colors_info=&#8221;{}&#8221;][et_pb_column type=&#8221;1_2&#8243; _builder_version=&#8221;4.19.4&#8243; _module_preset=&#8221;default&#8221; background_color=&#8221;#FFFFFF&#8221; custom_padding=&#8221;6%|6%|6%|6%|false|true&#8221; custom_padding_tablet=&#8221;||8%||false|true&#8221; custom_padding_phone=&#8221;||8%||false|true&#8221; custom_padding_last_edited=&#8221;on|tablet&#8221; global_colors_info=&#8221;{}&#8221;][et_pb_text admin_label=&#8221;Avalehel ettev\u00f5tte kasu kliendile&#8221; _builder_version=&#8221;4.20.4&#8243; _module_preset=&#8221;1f09816e-184e-4ce5-a4cf-b39c52c423ca&#8221; text_font=&#8221;Poppins||||||||&#8221; text_text_color=&#8221;#565559&#8243; text_line_height=&#8221;1.8em&#8221; link_text_color=&#8221;#A58855&#8243; custom_margin=&#8221;||||false|false&#8221; link_option_url=&#8221;https:\/\/karinvoit.com\/?page_id=61&#038;preview=true&#8221; text_font_size_tablet=&#8221;15px&#8221; text_font_size_phone=&#8221;14px&#8221; text_font_size_last_edited=&#8221;on|phone&#8221; header_font_size_tablet=&#8221;55px&#8221; header_font_size_last_edited=&#8221;off|desktop&#8221; inline_fonts=&#8221;Poppins&#8221; global_colors_info=&#8221;{}&#8221;]<\/p>\n<p><span style=\"color: #993300;\">Meie E-poest saad valida omale sobiva valmistoodetud Karin Voit Designs disainkoti v\u00f5i teeme eritellimusel Sinu piltide ja m\u00f5\u00f5tude j\u00e4rgi isikup\u00e4rase ning vastupidava ehtsast nahast uue lemmikkoti.\u00a0<\/span><\/p>\n<p style=\"text-align: left;\"><span>Pakume ehtsast nahast k\u00e4ekotte nooruslikule kaasaegsele linnanaisele, kes on julge, r\u00f5\u00f5msameelne ja soovib erineda kaaslastest.<\/span><\/p>\n<p style=\"text-align: left;\"><span>Inspiratsiooni on saadud loodusest &#8211; mere v\u00e4rvitoonidest ja rannakivide k\u00e4ep\u00e4rastest vormidest.<\/span><\/p>\n<p style=\"text-align: left;\"><span>Meie valmistatud k\u00e4ekottidest leiab lisaks suurep\u00e4rasele disainile ja funktsionaalsusele ka loodusest tuleva j\u00f5u, mis annab kandja igap\u00e4eva kiirele elule tasakaalu.\u00a0 \u00a0\u00a0<\/span><\/p>\n<p style=\"text-align: left;\"><span>K\u00f5ik k\u00e4ekotid valmivad k\u00e4sit\u00f6\u00f6na alates v\u00e4ljal\u00f5igetest ja eristuvad \u00f5mblusviiside ning tehnikate poolest.<\/span><\/p>\n<p style=\"text-align: left;\">[\/et_pb_text][et_pb_button button_url=&#8221;https:\/\/karinvoit.com\/e-pood\/&#8221; button_text=&#8221;E-Poodi&#8221; button_alignment=&#8221;center&#8221; _builder_version=&#8221;4.21.0&#8243; _module_preset=&#8221;default&#8221; custom_button=&#8221;on&#8221; button_text_size=&#8221;14px&#8221; button_text_color=&#8221;#000000&#8243; button_bg_color=&#8221;#4f778c&#8221; button_border_width=&#8221;0px&#8221; button_border_color=&#8221;#000000&#8243; button_border_radius=&#8221;0px&#8221; button_font=&#8221;Inter|700||on|||||&#8221; custom_padding=&#8221;16px|24px|16px|24px|true|false&#8221; global_colors_info=&#8221;{}&#8221;][\/et_pb_button][\/et_pb_column][et_pb_column type=&#8221;1_2&#8243; _builder_version=&#8221;4.18.0&#8243; _module_preset=&#8221;default&#8221; global_colors_info=&#8221;{}&#8221;][\/et_pb_column][\/et_pb_row][et_pb_row column_structure=&#8221;1_3,1_3,1_3&#8243; use_custom_gutter=&#8221;on&#8221; gutter_width=&#8221;1&#8243; make_equal=&#8221;on&#8221; _builder_version=&#8221;4.21.0&#8243; _module_preset=&#8221;default&#8221; background_color=&#8221;RGBA(255,255,255,0)&#8221; width=&#8221;100%&#8221; max_width=&#8221;1264px&#8221; module_alignment=&#8221;center&#8221; custom_margin=&#8221;0px|0px|4px|0px|false|false&#8221; custom_padding=&#8221;0px||15px||false|false&#8221; box_shadow_style=&#8221;preset4&#8243; box_shadow_horizontal=&#8221;-30vw&#8221; box_shadow_vertical=&#8221;0px&#8221; box_shadow_color=&#8221;#131218&#8243; locked=&#8221;off&#8221; global_colors_info=&#8221;{}&#8221;][et_pb_column type=&#8221;1_3&#8243; _builder_version=&#8221;4.21.0&#8243; _module_preset=&#8221;default&#8221; custom_padding=&#8221;||||true|true&#8221; border_width_bottom=&#8221;0vw&#8221; border_color_bottom=&#8221;#131218&#8243; global_colors_info=&#8221;{}&#8221;][\/et_pb_column][et_pb_column type=&#8221;1_3&#8243; _builder_version=&#8221;4.21.0&#8243; _module_preset=&#8221;default&#8221; background_color=&#8221;RGBA(255,255,255,0)&#8221; custom_padding=&#8221;||||true|true&#8221; global_colors_info=&#8221;{}&#8221;][et_pb_image src=&#8221;https:\/\/karinvoit.com\/wp-content\/uploads\/2023\/05\/Avaleht-200x1250px-1.png&#8221; title_text=&#8221;Avaleht 200x1250px (1)&#8221; align=&#8221;right&#8221; align_tablet=&#8221;right&#8221; align_phone=&#8221;center&#8221; align_last_edited=&#8221;on|desktop&#8221; admin_label=&#8221;avalehel sadulesepa\u00f5mbluse pilt&#8221; _builder_version=&#8221;4.21.0&#8243; _module_preset=&#8221;default&#8221; width=&#8221;89%&#8221; max_width=&#8221;100%&#8221; module_alignment=&#8221;center&#8221; height=&#8221;991px&#8221; max_height=&#8221;355px&#8221; custom_margin=&#8221;|23px||0px|false|false&#8221; custom_padding=&#8221;0px||0px||false|false&#8221; global_colors_info=&#8221;{}&#8221;][\/et_pb_image][\/et_pb_column][et_pb_column type=&#8221;1_3&#8243; _builder_version=&#8221;4.21.0&#8243; _module_preset=&#8221;default&#8221; background_color=&#8221;#131218&#8243; custom_padding=&#8221;28px||10px|29px|false|false&#8221; link_option_url_new_window=&#8221;on&#8221; box_shadow_style=&#8221;preset4&#8243; box_shadow_horizontal=&#8221;-1vw&#8221; box_shadow_vertical=&#8221;0px&#8221; box_shadow_color=&#8221;#131218&#8243; global_colors_info=&#8221;{}&#8221;][et_pb_text admin_label=&#8221;avalehel kroomnaha info&#8221; _builder_version=&#8221;4.21.0&#8243; _module_preset=&#8221;4c43b4b6-66bf-432d-959a-705bda24a650&#8243; text_font=&#8221;Poppins||||||||&#8221; text_text_color=&#8221;#FFFFFF&#8221; text_line_height=&#8221;1.8em&#8221; link_text_color=&#8221;#A58855&#8243; max_width=&#8221;77%&#8221; module_alignment=&#8221;left&#8221; custom_margin=&#8221;|41px|0px|0px|false|false&#8221; custom_padding=&#8221;|||0px|false|false&#8221; header_font_size_tablet=&#8221;55px&#8221; header_font_size_last_edited=&#8221;off|desktop&#8221; inline_fonts=&#8221;Poppins&#8221; global_colors_info=&#8221;{}&#8221;]<\/p>\n<p>Kasutame kvaliteetseid Itaalias ja Hispaanias pargitud kroomnahkasid. Kroomnahk erineb oma siidise tekstuuri, paindlikkuse ja suure vastupidavuse poolest, mis annab igale k\u00e4ekotile kena v\u00e4limuse ning pikema kasutusaja.<\/p>\n<p>Materjal on kergesti hooldatav ja puhastatav ning kantav iga ilmaga.<\/p>\n<p>[\/et_pb_text][\/et_pb_column][\/et_pb_row][\/et_pb_section]<\/p>\n","protected":false},"excerpt":{"rendered":"<p>Karin Voit Designs K\u00e4sit\u00f6\u00f6 disainkott on r\u00f5\u00f5mu ja rahulolu s\u00fcmboliksMeie E-poest saad valida omale sobiva valmistoodetud Karin Voit Designs disainkoti v\u00f5i teeme eritellimusel Sinu piltide ja m\u00f5\u00f5tude j\u00e4rgi isikup\u00e4rase ning vastupidava ehtsast nahast uue lemmikkoti.\u00a0 Pakume ehtsast nahast k\u00e4ekotte nooruslikule kaasaegsele linnanaisele, kes on julge, r\u00f5\u00f5msameelne ja soovib erineda kaaslastest. Inspiratsiooni on saadud loodusest &#8211; [&hellip;]<\/p>\n","protected":false},"author":1,"featured_media":0,"parent":0,"menu_order":0,"comment_status":"closed","ping_status":"closed","template":"","meta":{"_et_pb_use_builder":"on","_et_pb_old_content":"","_et_gb_content_width":"","footnotes":""},"class_list":["post-58","page","type-page","status-publish","hentry"],"_links":{"self":[{"href":"https:\/\/karinvoit.com\/en\/wp-json\/wp\/v2\/pages\/58","targetHints":{"allow":["GET"]}}],"collection":[{"href":"https:\/\/karinvoit.com\/en\/wp-json\/wp\/v2\/pages"}],"about":[{"href":"https:\/\/karinvoit.com\/en\/wp-json\/wp\/v2\/types\/page"}],"author":[{"embeddable":true,"href":"https:\/\/karinvoit.com\/en\/wp-json\/wp\/v2\/users\/1"}],"replies":[{"embeddable":true,"href":"https:\/\/karinvoit.com\/en\/wp-json\/wp\/v2\/comments?post=58"}],"version-history":[{"count":5,"href":"https:\/\/karinvoit.com\/en\/wp-json\/wp\/v2\/pages\/58\/revisions"}],"predecessor-version":[{"id":2047,"href":"https:\/\/karinvoit.com\/en\/wp-json\/wp\/v2\/pages\/58\/revisions\/2047"}],"wp:attachment":[{"href":"https:\/\/karinvoit.com\/en\/wp-json\/wp\/v2\/media?parent=58"}],"curies":[{"name":"wp","href":"https:\/\/api.w.org\/{rel}","templated":true}]}}