{"id":107,"date":"2022-09-20T09:38:52","date_gmt":"2022-09-20T09:38:52","guid":{"rendered":"https:\/\/karinvoit.com\/?page_id=107"},"modified":"2023-05-16T12:01:13","modified_gmt":"2023-05-16T12:01:13","slug":"meist","status":"publish","type":"page","link":"https:\/\/karinvoit.com\/en\/meist\/","title":{"rendered":"About us"},"content":{"rendered":"<p>[et_pb_section fb_built=&#8221;1&#8243; admin_label=&#8221;Header&#8221; _builder_version=&#8221;4.21.0&#8243; _module_preset=&#8221;default&#8221; background_color=&#8221;#131218&#8243; module_alignment=&#8221;center&#8221; custom_margin=&#8221;0px|0px|0px|0px|true|true&#8221; custom_padding=&#8221;0px||0px||true|true&#8221; collapsed=&#8221;on&#8221; global_colors_info=&#8221;{}&#8221;][et_pb_row column_structure=&#8221;2_3,1_3&#8243; use_custom_gutter=&#8221;on&#8221; make_equal=&#8221;on&#8221; _builder_version=&#8221;4.18.0&#8243; _module_preset=&#8221;default&#8221; custom_padding=&#8221;||0px||false|false&#8221; global_colors_info=&#8221;{}&#8221;][et_pb_column type=&#8221;2_3&#8243; _builder_version=&#8221;4.18.0&#8243; _module_preset=&#8221;default&#8221; custom_padding=&#8221;||20vw||false|false&#8221; global_colors_info=&#8221;{}&#8221;][et_pb_text _builder_version=&#8221;4.21.0&#8243; _module_preset=&#8221;c16985e1-e0d6-4022-964d-e2bfc04fa633&#8243; text_font=&#8221;Poppins||||||||&#8221; header_font=&#8221;Poppins||||||||&#8221; header_text_color=&#8221;#FFFFFF&#8221; header_font_size=&#8221;110px&#8221; header_line_height=&#8221;1.2em&#8221; width=&#8221;77.5%&#8221; width_tablet=&#8221;100%&#8221; width_phone=&#8221;100%&#8221; width_last_edited=&#8221;on|phone&#8221; max_height=&#8221;1000px&#8221; custom_margin=&#8221;27px|3px|27px|3px|true|true&#8221; header_font_size_tablet=&#8221;40px&#8221; header_font_size_phone=&#8221;24px&#8221; header_font_size_last_edited=&#8221;on|desktop&#8221; global_colors_info=&#8221;{}&#8221;]<\/p>\n<h1>Meist<\/h1>\n<p>[\/et_pb_text][et_pb_text _builder_version=&#8221;4.19.4&#8243; _module_preset=&#8221;1f09816e-184e-4ce5-a4cf-b39c52c423ca&#8221; text_font=&#8221;Inter||||||||&#8221; text_text_color=&#8221;#FFFFFF&#8221; text_font_size=&#8221;16px&#8221; text_line_height=&#8221;1.8em&#8221; link_text_color=&#8221;#A58855&#8243; width=&#8221;78%&#8221; width_tablet=&#8221;100%&#8221; width_phone=&#8221;&#8221; width_last_edited=&#8221;on|phone&#8221; min_height=&#8221;1009.3px&#8221; custom_margin=&#8221;||10px||false|false&#8221; text_font_size_tablet=&#8221;15px&#8221; text_font_size_phone=&#8221;14px&#8221; text_font_size_last_edited=&#8221;on|phone&#8221; header_font_size_tablet=&#8221;55px&#8221; header_font_size_last_edited=&#8221;off|desktop&#8221; global_colors_info=&#8221;{}&#8221;]<\/p>\n<p>Karin Voit Designs on 2022. aastal loodud ettev\u00f5te, mis keskendub k\u00e4sit\u00f6\u00f6kottide tootmisele ja m\u00fc\u00fcgile. Peamiselt toodetakse k\u00e4ekotte ehtsast kroomnahast.<\/p>\n<p>Kaubam\u00e4rgi asutaja Karin Voit:<br \/>V\u00e4ikesest peale olen hinnanud h\u00e4sti tehtud ja viimistletud k\u00e4sit\u00f6\u00f6d ning olen ka ise harrastanud erinevaid tehnikaid: kudumist, tikkimist, niplispitsi, heegeldamist kui ka \u00f5mblemist.<\/p>\n<p>K\u00f5ik sai alguse juba lasteaias, kus kasvatajad suunasid k\u00e4sit\u00f6\u00f6d tegema ja minu tikitud padi koos heegeldatud labakutega j\u00f5udsid n\u00e4itusele. Eeskujuks k\u00e4sit\u00f6\u00f6 tegemisel olid mulle ka minu vanavanaisa Johannes ja vanaema Johanna Elise. Johannes kudus kangastelgedel, kuid tegi ka varrastel kindaid ja sokke, Johanna Elise kudus, heegeldas ja \u00f5mbles \u2013 just oma pere tarbeks, sest neile oli oluline pakkuda nii r\u00f5\u00f5mu kui ka soojust enda tehtud esemetega.<\/p>\n<p>Erialalt olen k\u00e4sit\u00f6\u00f6\u00f5petaja, kuid ma pole kunagi teinud eriala\u00f5petaja t\u00f6\u00f6d, vaid pigem ise ainult nautinud k\u00e4sit\u00f6\u00f6 tegemist.<\/p>\n<p>Tegelesin 10 aastat keraamikaga, juhendasin erinevaid t\u00f6\u00f6tubasid ja avastasin savimeisterdamise saladusi. Selle aja jooksul valmisid mitmed tarbeesemed endale, perele, s\u00f5pradele ja ka m\u00fc\u00fcgiks.<\/p>\n<p>Oma kaubam\u00e4rgi loomine on olnud mul m\u00f5tetes juba pikalt, kuid realiseerus see t\u00e4nu suurep\u00e4rasele koost\u00f6\u00f6le Eesti T\u00f6\u00f6tukassaga. Ehtne nahk ja nahast esemed on mulle meeldinud nii kaua, kui ma end m\u00e4letan, niisamuti on olnud minu teiseks suureks kireks pidevalt oma oskuste t\u00e4iendamine \u2013 nii ma l\u00f5petasin Eesti Kunstiakadeemias kursuse nahkaksessuaaride kollektsiooni loomisest.<\/p>\n<p>K\u00f5ik eelnimetatud suurep\u00e4rased komponendid andsid kokku \u00e4riidee teha r\u00f5\u00f5muga k\u00e4sit\u00f6\u00f6d, kasutades parimaid materjale, disainides huvitavaid m\u00f5tteid esemeteks, pakkudes nii huvilistele uut k\u00e4sit\u00f6\u00f6 kvaliteeti kui ka eksklusiivseid nahast esemeid \u2013 ehtsast nahast k\u00e4ekotte.<\/p>\n<p>Kallid s\u00f5brad, kliendid! T\u00e4nan teid usalduse eest eile, t\u00e4na ja homme, soovin teile r\u00f5\u00f5msat Karin Voit Designs toodete ostmist ja kandmist, ootan alati teiepoolset tagasisidet!<\/p>\n<p>Siiralt teie<\/p>\n<p>Karin Voit<\/p>\n<p>&nbsp;<\/p>\n<p>[\/et_pb_text][et_pb_image src=&#8221;https:\/\/karinvoit.com\/wp-content\/uploads\/2022\/09\/mina-800x800px.png&#8221; title_text=&#8221;mina 800x800px&#8221; _builder_version=&#8221;4.18.0&#8243; _module_preset=&#8221;default&#8221; positioning=&#8221;absolute&#8221; position_origin_a=&#8221;top_right&#8221; position_origin_a_tablet=&#8221;top_right&#8221; position_origin_a_phone=&#8221;top_right&#8221; position_origin_a_last_edited=&#8221;on|desktop&#8221; position_origin_f_tablet=&#8221;&#8221; position_origin_f_phone=&#8221;&#8221; position_origin_f_last_edited=&#8221;on|desktop&#8221; position_origin_r_tablet=&#8221;&#8221; position_origin_r_phone=&#8221;&#8221; position_origin_r_last_edited=&#8221;on|desktop&#8221; width=&#8221;20%&#8221; width_tablet=&#8221;50%&#8221; width_phone=&#8221;50%&#8221; width_last_edited=&#8221;on|tablet&#8221; custom_margin=&#8221;||||false|false&#8221; positioning_tablet=&#8221;relative&#8221; positioning_phone=&#8221;relative&#8221; positioning_last_edited=&#8221;on|tablet&#8221; global_colors_info=&#8221;{}&#8221;][\/et_pb_image][et_pb_image src=&#8221;https:\/\/karinvoit.com\/wp-content\/uploads\/2022\/09\/Meist-kivid-800x915px.png&#8221; title_text=&#8221;Meist- kivid 800x915px&#8221; _builder_version=&#8221;4.18.0&#8243; _module_preset=&#8221;default&#8221; positioning=&#8221;absolute&#8221; position_origin_a=&#8221;bottom_right&#8221; position_origin_a_tablet=&#8221;bottom_right&#8221; position_origin_a_phone=&#8221;bottom_right&#8221; position_origin_a_last_edited=&#8221;on|phone&#8221; position_origin_f_tablet=&#8221;&#8221; position_origin_f_phone=&#8221;&#8221; position_origin_f_last_edited=&#8221;on|phone&#8221; position_origin_r_tablet=&#8221;&#8221; position_origin_r_phone=&#8221;&#8221; position_origin_r_last_edited=&#8221;on|phone&#8221; width_phone=&#8221;100%&#8221; width_last_edited=&#8221;off|desktop&#8221; max_width=&#8221;100%&#8221; height=&#8221;18vw&#8221; height_tablet=&#8221;100%&#8221; height_last_edited=&#8221;off|desktop&#8221; custom_margin=&#8221;0px|10%|||false|false&#8221; custom_margin_tablet=&#8221;0px|10%|||false|false&#8221; custom_margin_phone=&#8221;||||false|false&#8221; custom_margin_last_edited=&#8221;on|phone&#8221; positioning_tablet=&#8221;absolute&#8221; positioning_phone=&#8221;none&#8221; positioning_last_edited=&#8221;on|phone&#8221; global_colors_info=&#8221;{}&#8221;][\/et_pb_image][\/et_pb_column][et_pb_column type=&#8221;1_3&#8243; _builder_version=&#8221;4.18.0&#8243; _module_preset=&#8221;default&#8221; global_colors_info=&#8221;{}&#8221;][et_pb_image src=&#8221;https:\/\/karinvoit.com\/wp-content\/uploads\/2022\/09\/meist-koti-pilt-800x1437px.png&#8221; title_text=&#8221;meist- koti pilt 800x1437px&#8221; align=&#8221;right&#8221; _builder_version=&#8221;4.18.0&#8243; _module_preset=&#8221;default&#8221; width_last_edited=&#8221;off|tablet&#8221; max_width_tablet=&#8221;400px&#8221; max_width_phone=&#8221;400px&#8221; max_width_last_edited=&#8221;on|tablet&#8221; custom_margin=&#8221;|-10vw|||false|false&#8221; global_colors_info=&#8221;{}&#8221;][\/et_pb_image][\/et_pb_column][\/et_pb_row][\/et_pb_section]<\/p>\n","protected":false},"excerpt":{"rendered":"<p>MeistKarin Voit Designs on 2022. aastal loodud ettev\u00f5te, mis keskendub k\u00e4sit\u00f6\u00f6kottide tootmisele ja m\u00fc\u00fcgile. Peamiselt toodetakse k\u00e4ekotte ehtsast kroomnahast. Kaubam\u00e4rgi asutaja Karin Voit:V\u00e4ikesest peale olen hinnanud h\u00e4sti tehtud ja viimistletud k\u00e4sit\u00f6\u00f6d ning olen ka ise harrastanud erinevaid tehnikaid: kudumist, tikkimist, niplispitsi, heegeldamist kui ka \u00f5mblemist. K\u00f5ik sai alguse juba lasteaias, kus kasvatajad suunasid k\u00e4sit\u00f6\u00f6d tegema [&hellip;]<\/p>\n","protected":false},"author":1,"featured_media":0,"parent":0,"menu_order":0,"comment_status":"closed","ping_status":"closed","template":"","meta":{"_et_pb_use_builder":"on","_et_pb_old_content":"","_et_gb_content_width":"","footnotes":""},"class_list":["post-107","page","type-page","status-publish","hentry"],"_links":{"self":[{"href":"https:\/\/karinvoit.com\/en\/wp-json\/wp\/v2\/pages\/107","targetHints":{"allow":["GET"]}}],"collection":[{"href":"https:\/\/karinvoit.com\/en\/wp-json\/wp\/v2\/pages"}],"about":[{"href":"https:\/\/karinvoit.com\/en\/wp-json\/wp\/v2\/types\/page"}],"author":[{"embeddable":true,"href":"https:\/\/karinvoit.com\/en\/wp-json\/wp\/v2\/users\/1"}],"replies":[{"embeddable":true,"href":"https:\/\/karinvoit.com\/en\/wp-json\/wp\/v2\/comments?post=107"}],"version-history":[{"count":5,"href":"https:\/\/karinvoit.com\/en\/wp-json\/wp\/v2\/pages\/107\/revisions"}],"predecessor-version":[{"id":1885,"href":"https:\/\/karinvoit.com\/en\/wp-json\/wp\/v2\/pages\/107\/revisions\/1885"}],"wp:attachment":[{"href":"https:\/\/karinvoit.com\/en\/wp-json\/wp\/v2\/media?parent=107"}],"curies":[{"name":"wp","href":"https:\/\/api.w.org\/{rel}","templated":true}]}}